{"id":3,"date":"2021-03-12T16:09:41","date_gmt":"2021-03-12T15:09:41","guid":{"rendered":"https:\/\/www.hotel-morbihan.com\/?page_id=3"},"modified":"2023-02-17T11:31:28","modified_gmt":"2023-02-17T10:31:28","slug":"mentions-legales-damgan","status":"publish","type":"page","link":"https:\/\/www.hotel-morbihan.com\/de\/mentions-legales-damgan\/","title":{"rendered":"Rechtliche Informationen"},"content":{"rendered":"<div data-elementor-type=\"wp-page\" data-elementor-id=\"3\" class=\"elementor elementor-3\" data-elementor-post-type=\"page\">\n\t\t\t\t\t\t<section class=\"elementor-section elementor-top-section elementor-element elementor-element-4ee5c8c6 elementor-section-stretched elementor-section-boxed elementor-section-height-default elementor-section-height-default\" data-id=\"4ee5c8c6\" data-element_type=\"section\" id=\"firstsection\" data-settings=\"{&quot;stretch_section&quot;:&quot;section-stretched&quot;,&quot;background_background&quot;:&quot;classic&quot;}\">\n\t\t\t\t\t\t\t<div class=\"elementor-background-overlay\"><\/div>\n\t\t\t\t\t\t\t<div class=\"elementor-container elementor-column-gap-default\">\n\t\t\t\t\t<div class=\"elementor-column elementor-col-100 elementor-top-column elementor-element elementor-element-3cb6945e\" data-id=\"3cb6945e\" data-element_type=\"column\">\n\t\t\t<div class=\"elementor-widget-wrap elementor-element-populated\">\n\t\t\t\t\t\t<div class=\"elementor-element elementor-element-5f7a9da7 elementor-widget elementor-widget-heading\" data-id=\"5f7a9da7\" data-element_type=\"widget\" data-widget_type=\"heading.default\">\n\t\t\t\t<div class=\"elementor-widget-container\">\n\t\t\t\t\t<h1 class=\"elementor-heading-title elementor-size-xxl\">RECHTLICHE HINWEISE<\/h1>\t\t\t\t<\/div>\n\t\t\t\t<\/div>\n\t\t\t\t\t<\/div>\n\t\t<\/div>\n\t\t\t\t\t<\/div>\n\t\t<\/section>\n\t\t\t\t<section class=\"elementor-section elementor-top-section elementor-element elementor-element-dde7077 elementor-section-boxed elementor-section-height-default elementor-section-height-default\" data-id=\"dde7077\" data-element_type=\"section\">\n\t\t\t\t\t\t<div class=\"elementor-container elementor-column-gap-default\">\n\t\t\t\t\t<div class=\"elementor-column elementor-col-100 elementor-top-column elementor-element elementor-element-261a47b\" data-id=\"261a47b\" data-element_type=\"column\">\n\t\t\t<div class=\"elementor-widget-wrap\">\n\t\t\t\t\t\t\t<\/div>\n\t\t<\/div>\n\t\t\t\t\t<\/div>\n\t\t<\/section>\n\t\t\t\t<section class=\"elementor-section elementor-top-section elementor-element elementor-element-40a99230 elementor-section-boxed elementor-section-height-default elementor-section-height-default\" data-id=\"40a99230\" data-element_type=\"section\">\n\t\t\t\t\t\t<div class=\"elementor-container elementor-column-gap-default\">\n\t\t\t\t\t<div class=\"elementor-column elementor-col-100 elementor-top-column elementor-element elementor-element-76f529b\" data-id=\"76f529b\" data-element_type=\"column\">\n\t\t\t<div class=\"elementor-widget-wrap elementor-element-populated\">\n\t\t\t\t\t\t<div class=\"elementor-element elementor-element-17a19341 elementor-widget elementor-widget-text-editor\" data-id=\"17a19341\" data-element_type=\"widget\" data-widget_type=\"text-editor.default\">\n\t\t\t\t<div class=\"elementor-widget-container\">\n\t\t\t\t\t\t\t\t\t<p><\/p>\n<p><strong>Grund<\/strong><b>\u00a0der Betreibergesellschaft<\/b> SARL LA PLAGE<br \/><strong>Adresse der Hauptverwaltung<\/strong>Hotel*** de la Plage . 38, boulevard de l'Oc\u00e9an . 56750 DAMGAN<br \/><b>E-Mail\u00a0<\/b>: contact@hotel-morbihan.com<br \/><b>Telefon\u00a0<\/b>: +33 (0)2 97 41 10 07<br \/><b><strong>Grundkapital <\/strong><\/b>:\u00a0259 000,00 \u20ac<b><br \/><\/b><b>Individuelle Umsatzsteuer-Identifikationsnummer\u00a0<\/b>FR02100109405725<br \/><b>RCS-Nummer<\/b>Vannes B 808 272 827<br \/><b>Siret Nummer\u00a0<\/b>: 41818741500017<br \/><b>Bildnachweis\u00a0<\/b>: \u00a9 Eliophot -\u00a0<br \/><b>Direktor der Publikation\u00a0<\/b>Marc COULOMBE<\/p>\n<p><strong>Diese Website wird gehostet von :<\/strong> Group Dis 28, rue des Arts, 59800 Lille (03 20 09 11 68)<\/p>\n<h2 class=\"wp-block-heading\">VERANTWORTUNG<\/h2>\n<p>Durch den Zugriff auf diese Seite werden Sie dar\u00fcber informiert, dass die Nutzung des Internets die Einhaltung einer Reihe von Gesetzen, insbesondere des Urheberrechts und des Datenschutzgesetzes, erfordert. SARL LA PLAGE und ELIOPHOT k\u00f6nnen nicht f\u00fcr eventuelle Fehler oder Auslassungen verantwortlich gemacht werden, und der Herausgeber beh\u00e4lt sich au\u00dferdem das Recht vor, die Informationen auf der Website jederzeit zu \u00e4ndern und zu aktualisieren.<\/p>\n<h2>COPYRIGHT<\/h2>\n<p>In Anwendung des franz\u00f6sischen Gesetzbuches f\u00fcr geistiges Eigentum ist die Vervielf\u00e4ltigung f\u00fcr einen anderen als den privaten Gebrauch, der Verkauf, der Vertrieb, die Ver\u00f6ffentlichung, die Anpassung oder die Kommunikation, teilweise oder ganz, der Daten (Pr\u00e4sentation, Layout der Website, Fotos, Texte und Illustrationen, die durch das Urheberrecht gesch\u00fctzt sind) strikt der schriftlichen und vorherigen Genehmigung der Inhaber der oben genannten Rechte unterworfen.<\/p>\n<h2>DATENVERARBEITUNG UND FREIHEIT<\/h2>\n<p>Jeder Benutzer, der direkt oder indirekt namentliche Informationen hinterlegt hat, hat ein Recht auf Zugang und Berichtigung in \u00dcbereinstimmung mit dem Gesetz n\u00b0 7817 vom 6\/01\/78 (Informatik und Freiheit) beim Administrator der Website.<\/p>\n<h2>SCHUTZ PERS\u00d6NLICHER DATEN<\/h2>\n<h3>Identit\u00e4t des Datenverantwortlichen<\/h3>\n<p>Die Website wird von dem Unternehmen ver\u00f6ffentlicht, dessen Kontaktdaten oben angegeben sind. Der Zugang zur Website und die Nutzung ihrer Inhalte unterliegen den nachfolgend beschriebenen Nutzungsbedingungen.<\/p>\n<h3>Art der personenbezogenen Daten<\/h3>\n<p>Personenbezogene Daten\" sind alle pers\u00f6nlichen Informationen, die Sie der Betreibergesellschaft mitteilen und die es der Betreibergesellschaft direkt oder indirekt erm\u00f6glichen, Sie als nat\u00fcrliche Person zu identifizieren, z. B. beim Besuch der Website, bei der Anforderung von Informationen, bei der Buchung eines Zimmers und bei anderen Dienstleistungen.<\/p>\n<h3>Die gesammelten pers\u00f6nlichen Daten<\/h3>\n<p>Sie werden eventuell um die Angabe pers\u00f6nlicher Daten gebeten, wenn Sie die Website der Betreibergesellschaft besuchen.<br \/>Der obligatorische oder fakultative Charakter der angeforderten Informationen wird zum Zeitpunkt der Erfassung durch ein Sternchen \"*\" angezeigt. Die mit einem Sternchen gekennzeichneten Angaben sind Pflichtangaben, da sie f\u00fcr die Bearbeitung Ihrer verschiedenen Anfragen unerl\u00e4sslich sind. Die anderen Informationen dienen dazu, Sie besser kennen zu lernen und die Ihnen angebotenen Dienstleistungen zu verbessern. Sie ist daher optional.<br \/>Der Betreiber erhebt und verarbeitet Ihren Namen, Vornamen, E-Mail-Adresse, Rechnungsadresse, Telefonnummer, IP-Adresse, Verbindungs- und Navigationsdaten, Ihre Pr\u00e4ferenzen und Interessen (Nichtraucherzimmer, bevorzugtes Zimmer, Art des Aufenthalts etc.), Ihre Online-Bewertungen.<\/p>\n<h3>Wann werden Ihre personenbezogenen Daten erhoben?<\/h3>\n<ul>\n<li>Sie browsen auf der Website (IP-Adresse und Cookies) und konsultieren Produkte oder Dienstleistungen;<\/li>\n<li>Sie k\u00f6nnen Ihre Beobachtungen\/Kommentare an die Betreibergesellschaft in bestimmten Abschnitten, \u00fcber Frageb\u00f6gen oder Kontaktformulare, offizielle Seite der sozialen Netzwerke der Betreibergesellschaft senden;<\/li>\n<li>Sie senden eine E-Mail-Nachricht an die Betreiberfirma;<\/li>\n<li>Sie tragen sich in den Newsletter-Verteiler ein;<\/li>\n<li>Sie teilen eine Seite oder ein Angebot, indem Sie eine E-Mail senden oder \u00fcber ein soziales Netzwerk;<\/li>\n<li>Sie beantworten einen Zufriedenheitsfragebogen;<\/li>\n<li>Sie stellen eine Anfrage f\u00fcr ein Angebot.<\/li>\n<\/ul>\n<h3>Datenspeicherung<\/h3>\n<p>Die gesammelten Informationen werden in unseren verschiedenen Reservierungssystemen auf sicheren, SSL-zertifizierten Datenbanken gespeichert.<\/p>\n<p>Diese Datenbank enth\u00e4lt: Namen, Adressen, Telefonnummern, Durchwahlen, Firmennamen und Kreditkartendaten der G\u00e4ste. Wir k\u00f6nnen auch andere Informationen aufzeichnen, wie z.B. Ihre Zimmer-, Essens-, Getr\u00e4nke- und andere Service-Pr\u00e4ferenzen, sowie die Historie Ihres Aufenthalts bei uns.<\/p>\n<h3>Zweck der Datenerfassung durch die Betreiberfirma<\/h3>\n<p>\u00dcber die Website sammelt die Betreibergesellschaft Daten \u00fcber Sie, die f\u00fcr die folgenden Zwecke unbedingt erforderlich sind:<\/p>\n<ol>\n<li>Um Ihre Informations- und Reservierungsanfragen sowie eventuelle Treueprogramme zu verwalten;<\/li>\n<li>Zur Verbesserung und Personalisierung der Dienste der Betreibergesellschaft, um Ihnen die Navigation auf der Website zu erleichtern;<\/li>\n<li>Zur Verwaltung und \u00dcberwachung der gesamten Kundenbeziehung;<\/li>\n<li>Verwalten Sie die Anmeldung zu den Nachrichten und Werbeangeboten der Betreibergesellschaft (Newsletter);<\/li>\n<li>Um alle Ihre Zugriffsanfragen in \u00dcbereinstimmung mit der aktuellen Gesetzgebung zu verwalten;<\/li>\n<li>Verwaltung unbezahlter Rechnungen und Rechtsstreitigkeiten;<\/li>\n<li>Zur Verwaltung von Bewerbungsanfragen im Rahmen von Stellenangeboten der Betreibergesellschaft, die Ihre Aufmerksamkeit erregt haben, oder von spontanen Bewerbungsanfragen;<\/li>\n<li>Qualit\u00e4t und Zufriedenheit messen.<\/li>\n<\/ol>\n<p>Wenn Sie die erforderlichen Angaben nicht machen, kann Ihre Anfrage nicht bearbeitet werden.<\/p>\n<h3>Verpflichtungen der Betreibergesellschaft zum Schutz personenbezogener Daten<\/h3>\n<h3>Transparenz und Zweck :<\/h3>\n<p>Es werden keine personenbezogenen Daten ohne Ihr Wissen erhoben oder gespeichert. Der fakultative oder obligatorische Charakter der Informationen, die der Betreibergesellschaft im Rahmen der auf der Website durchgef\u00fchrten Erfassung mitzuteilen sind, wird Ihnen vorher durch das Vorhandensein des Sternchensymbols \"*\" angezeigt. Die Betreibergesellschaft erhebt und verarbeitet Ihre personenbezogenen Daten ausschlie\u00dflich zu den in diesem Rechtshinweis beschriebenen Zwecken.<\/p>\n<h3>Verh\u00e4ltnism\u00e4\u00dfigkeit und Relevanz :<\/h3>\n<p>Der Betreiber erhebt und verarbeitet nur die personenbezogenen Daten, die f\u00fcr die ordnungsgem\u00e4\u00dfe Bearbeitung Ihrer Anfrage oder f\u00fcr die Anpassung der Ihnen angebotenen Leistungen erforderlich sind.<\/p>\n<h3>Datenspeicherzeit :<\/h3>\n<p>Die Betreibergesellschaft bewahrt Ihre personenbezogenen Daten nur so lange auf, wie es nach geltendem Recht f\u00fcr die Verarbeitung erforderlich ist.<\/p>\n<h3>Sicherheit und Datenschutz :<\/h3>\n<p>Der Betreiber verpflichtet sich, die notwendigen Ma\u00dfnahmen zu ergreifen, um die Vertraulichkeit der Daten zu gew\u00e4hrleisten und sie nicht an unbefugte Dritte weiterzugeben.<\/p>\n<p>Wir k\u00f6nnen Ihre pers\u00f6nlichen Daten an lokale Beh\u00f6rden weitergeben, wenn dies gesetzlich vorgeschrieben ist oder im Zuge einer Untersuchung und in \u00dcbereinstimmung mit den lokalen Vorschriften.<\/p>\n<p>Wie bei den meisten Websites werden bestimmte Informationen automatisch protokolliert. Zu diesen Informationen geh\u00f6ren Protokolladressen (IP-Adresse), Art des verwendeten Browsers, Internet Service Provider, Verweis- und Endseiten, Betriebssystem, Datum, Uhrzeit und Clickstream-Daten.<\/p>\n<p>Cookies zeichnen keine Informationen auf, die von Benutzern w\u00e4hrend einer Online-Reservierung oder der Registrierung eines Kundenkontos angegeben werden. Cookies identifizieren Ihren Browser und nicht Sie selbst und k\u00f6nnen f\u00fcr sich genommen Ihre Identit\u00e4t nicht preisgeben.<\/p>\n<h3>Respektieren Sie Ihre Rechte :<\/h3>\n<p>Sie werden \u00fcber Ihre Rechte auf Abfrage, Zugang, Berichtigung und Widerspruch aus legitimen Gr\u00fcnden sowie \u00fcber Ihr Recht, sich der kommerziellen Prospektion zu widersetzen, gem\u00e4\u00df den Bestimmungen des Gesetzes Nr. 78-17 vom 6. Januar 1978 informiert.<\/p>\n<h3>Recht auf Auskunft, Berichtigung und Widerspruch :<\/h3>\n<p>Gem\u00e4\u00df dem Gesetz Nr. 78-17 vom 6. Januar 1978 \u00fcber die Datenverarbeitung, die Dateien und die Freiheiten profitieren Sie auf einfache schriftliche Anfrage von einem Zugangs- und Berichtigungsrecht der Sie betreffenden Informationen.<br \/>Sie k\u00f6nnen auch aus berechtigten Gr\u00fcnden gegen die Verarbeitung Ihrer Daten Widerspruch einlegen.<\/p>\n<p>Um eines dieser Rechte auszu\u00fcben und Informationen \u00fcber Sie zu erhalten, wenden Sie sich einfach an die Betreibergesellschaft, deren Kontaktdaten am Anfang dieses rechtlichen Hinweises zu finden sind.<\/p>\n<h2>COOKIES<\/h2>\n<p>Bei der Konsultation der Website k\u00f6nnen bestimmte Informationen, die sich auf die Navigation Ihres Endger\u00e4tes beziehen, in Dateien mit der Bezeichnung \"Cookies\" gespeichert werden, die auf Ihrem Endger\u00e4t installiert sind, vorbehaltlich der von Ihnen getroffenen Auswahl bez\u00fcglich der Cookies, die Sie jederzeit \u00e4ndern k\u00f6nnen.<\/p>\n<p>Ein Cookie ist eine kleine Textdatei, die in einem speziellen Bereich auf der Festplatte Ihres Terminals gespeichert wird, wenn Sie einen Online-Dienst mit Ihrem Browser aufrufen. Es erm\u00f6glicht seinem Aussteller, das Endger\u00e4t, in dem es gespeichert ist, w\u00e4hrend der G\u00fcltigkeitsdauer oder Speicherung des Cookies zu identifizieren.<\/p>\n<p>Die von der Betreibergesellschaft gesetzten Cookies werden f\u00fcr die unten beschriebenen Zwecke verwendet, w\u00e4hrend der G\u00fcltigkeitsdauer des betreffenden Cookies, vorbehaltlich Ihrer Entscheidungen, die sich aus den Parametern Ihrer Browser-Software ergeben, die Sie w\u00e4hrend Ihres Besuchs auf der Website verwenden und deren Einstellungen Sie jederzeit \u00e4ndern k\u00f6nnen.<\/p>\n<p>\u00dcber die Seiten der Website k\u00f6nnen Cookies von Partnerunternehmen (Drittanbieter-Cookies) auf Ihrem Rechner abgelegt werden.<\/p>\n<p>Nur der Absender eines Cookies kann die darin enthaltenen Informationen lesen oder ver\u00e4ndern.<\/p>\n<p>Auf der Website werden verschiedene Arten von Cookies verwendet, sie haben unterschiedliche Zwecke. Einige sind f\u00fcr die Nutzung der Website erforderlich.<\/p>\n<h3>Analytische Cookies<\/h3>\n<p>Dies sind Cookies, die es dem Betreiber erm\u00f6glichen,:<\/p>\n<ul>\n<li>- zur Erstellung von Statistiken und verschiedenen Elementen, aus denen sich die Website zusammensetzt (besuchte Abschnitte und Inhalte, Pfad), um die vorgeschlagene Navigationserfahrung zu verbessern;<\/li>\n<li>- die Gesamtzahl der von ihm auf seinen Werbefl\u00e4chen angezeigten Anzeigen zu z\u00e4hlen, diese Anzeigen, die Anzahl der Anzeigen, die Anzahl der Klicks und Navigationsinformationen zu identifizieren.<\/li>\n<\/ul>\n<h4>Beispiel f\u00fcr analytische Cookies<\/h4>\n<ul>\n<li>Analytik: Aufzeichnung von Navigationsdaten<\/li>\n<li>utm Analytics: Aufzeichnung von Navigationsdaten<\/li>\n<li>Kampagne: Aufzeichnung von Browsing-Daten aus Werbekampagnen<\/li>\n<\/ul>\n<h3>Cookies und Plug-ins sozialer Netzwerke (Social Buttons)<\/h3>\n<p>Die Betreibergesellschaft kann auf der Website Tools zum Teilen von Inhalten mit anderen Personen oder zur Bekanntgabe Ihrer Konsultation oder Ihrer Meinung zu Inhalten auf unserer Website an diese anderen Personen bereitstellen. Dies ist insbesondere bei \"Share\"- und \"Like\"-Buttons von sozialen Netzwerken wie Facebook, Twitter etc. der Fall.<\/p>\n<p>Der Betreiber hat keinen Einfluss auf das von den sozialen Netzwerken verwendete Verfahren zur Sammlung von Informationen.<\/p>\n<ul>\n<li>Facebook Connect: Anmeldung mit Ihrem Facebook-Konto<\/li>\n<li>Facebook Social Graph: Teilen der Seite auf Facebook<\/li>\n<li>Pinterest: Teilen der Seite auf Pinterest<\/li>\n<li>Linkedin : Teilen Sie die Seite auf Linkedin<\/li>\n<li>Instagram: Teilen der Seite auf Instagram<\/li>\n<\/ul>\n<h3>Cookies und Maschinen-Identifikatoren f\u00fcr die Transaktionssicherheit<\/h3>\n<p>Wir informieren Sie dar\u00fcber, dass die Betreibergesellschaft oder ihre in ihrem Auftrag handelnden Dienstleister w\u00e4hrend Ihrer Bestellung Cookies platzieren oder Informationen \u00fcber Ihr Endger\u00e4t sammeln k\u00f6nnen, insbesondere die f\u00fcr die Erkennung des Ger\u00e4ts (Computer, Tablet oder Mobiltelefon) notwendigen Informationen (technische Sicherheitsattribute), um die Identifizierung Ihres Ger\u00e4ts zum Zwecke der Sicherung von Transaktionen in Ihrem Interesse zu erm\u00f6glichen.<\/p>\n<h3>Werbe-Cookies<\/h3>\n<p>Die auf den Werbefl\u00e4chen des Betreibers angezeigten Werbeinhalte (Grafiken, Animationen, Videos usw.) enthalten m\u00f6glicherweise Cookies von Dritten, die es w\u00e4hrend der G\u00fcltigkeitsdauer der Cookies erm\u00f6glichen, die Klicks zu z\u00e4hlen, aber auch, Ihnen die am besten geeigneten Werbungen entsprechend Ihrem Surfverhalten, Ihren Interessen und Vorlieben anzubieten.<\/p>\n<p>Die Ablehnung von Werbe-Cookies hat keinen Einfluss auf die Nutzung der Website und stoppt nicht die Werbung auf der Website oder im Internet. Sie f\u00fchrt lediglich dazu, dass Werbung angezeigt wird, die Ihre Interessen und Vorlieben nicht ber\u00fccksichtigt.<\/p>\n<p>Diese Cookies h\u00e4ngen haupts\u00e4chlich von den Werbeagenturen ab. Wir k\u00f6nnen sie nicht ersch\u00f6pfend auflisten:<\/p>\n<ul>\n<li>AdWords: Kauf von gesponserten Suchbegriffen, die bei Google angezeigt werden<\/li>\n<li>Facebook Custom Audience<\/li>\n<li>Gezielte Werbung: Aufzeichnung des Browsing-Pfads<\/li>\n<\/ul>\n<h3>Gezielte Werbung<\/h3>\n<p>Die Website kann Cookies enthalten, die von Dritten (Agenturen und Werbetools) ausgestellt werden und es letzteren erm\u00f6glichen, w\u00e4hrend der G\u00fcltigkeitsdauer des Cookies Navigationsdaten zu sammeln, die sich auf Ger\u00e4te beziehen, die sich mit unseren Websites verbinden, aber auch, um Ihnen Werbeinhalte anzubieten, die wahrscheinlich Ihrer vorherigen Navigation auf der Website entsprechen.<\/p>\n<p>Diese Datenerfassung erlaubt es diesen Dienstleistern unter keinen Umst\u00e4nden, Sie pers\u00f6nlich zu identifizieren. Ihr Name, Vorname, Benutzername, Postanschrift, E-Mail-Adresse und Passwort werden niemals ohne Ihre vorherige und ausdr\u00fcckliche Zustimmung an Dritte weitergegeben.<\/p>\n<h3>Ihre Wahlm\u00f6glichkeiten bez\u00fcglich Cookies<\/h3>\n<p>Es werden Ihnen mehrere M\u00f6glichkeiten angeboten, Cookies zu verwalten. Alle Einstellungen, die Sie vornehmen, k\u00f6nnen Ihr Surfen im Internet und Ihren Zugang zu bestimmten Diensten, die die Verwendung von Cookies erfordern, beeinflussen.<\/p>\n<h3>Die Auswahlm\u00f6glichkeiten, die Ihnen Ihr Browser bietet<\/h3>\n<p>Sie k\u00f6nnen Ihren Browser (Google Chrome, Internet Explorer, Mozilla Firefox etc...) so einstellen, dass Cookies in Ihrem Endger\u00e4t gespeichert oder abgelehnt werden.<\/p>\n<h3>Cookies ablehnen<\/h3>\n<p>Wenn Sie die Annahme von Cookies verweigern, stehen Ihnen bestimmte Funktionen, wie z.B. die Identifizierung\/Verbindung zu Ihrem pers\u00f6nlichen Bereich, die Anpassung Ihrer Navigation (z.B. Wahl der bevorzugten Sprache) nicht mehr zur Verf\u00fcgung.<\/p>\n<p>Der Betreiber lehnt jede Verantwortung f\u00fcr die Folgen ab, die mit dem verschlechterten Funktionieren seiner Dienste und Funktionalit\u00e4ten aufgrund der Ablehnung des Cookies verbunden sind.<\/p>\n<h3>Wie \u00fcben Sie Ihre Wahlm\u00f6glichkeiten aus, je nachdem, welchen Browser Sie verwenden?<\/h3>\n<p>F\u00fcr die Verwaltung von Cookies und Ihre Wahlm\u00f6glichkeiten ist die Konfiguration jedes Browsers unterschiedlich. Im Hilfemen\u00fc Ihres Browsers wird beschrieben, wie Sie Ihre W\u00fcnsche bez\u00fcglich Cookies \u00e4ndern k\u00f6nnen.<\/p>\n<p class=\"browser\">F\u00fcr Internet Explorer \u2122:<\/p>\n<p><a href=\"https:\/\/support.microsoft.com\/fr-fr\/help\/17442\/windows-internet-explorer-delete-manage-cookies\" target=\"_blank\" rel=\"noopener\">https:\/\/support.microsoft.com\/fr-fr\/help\/17442\/windows-internet-explorer-delete-manage-cookies<\/a><\/p>\n<p>Oder<br \/>Klicken Sie im Internet Explorer auf die Schaltfl\u00e4che Extras und dann auf Internetoptionen. Klicken Sie auf der Registerkarte Allgemein unter Browserverlauf auf Einstellungen. Klicken Sie auf die Schaltfl\u00e4che Dateien anzeigen. Klicken Sie auf die Spalten\u00fcberschrift Name, um alle Dateien alphabetisch zu sortieren, und bl\u00e4ttern Sie dann durch die Liste, bis Sie Dateien sehen, die mit dem Pr\u00e4fix \"Cookie\" beginnen (alle Cookies haben dieses Pr\u00e4fix und enthalten normalerweise den Namen der Website, die das Cookie erstellt hat). W\u00e4hlen Sie das oder die Cookies aus, die den Namen der Betreiberfirma enthalten, und l\u00f6schen Sie sie. Schlie\u00dfen Sie das Fenster, das die Liste der Dateien enth\u00e4lt, und doppelklicken Sie auf OK, um zum Internet Explorer zur\u00fcckzukehren.<\/p>\n<p class=\"browser\">F\u00fcr Safari \u2122:<\/p>\n<p><a href=\"https:\/\/support.apple.com\/?path=Safari\/3.0\/fr\/9277.html\" target=\"_blank\" rel=\"noopener\">https:\/\/support.apple.com\/?path=Safari\/3.0\/fr\/9277.html<\/a><\/p>\n<p>Oder<br \/>W\u00e4hlen Sie in Ihrem Browser Bearbeiten &gt; Voreinstellungen. Klicken Sie auf Sicherheit. Klicken Sie auf Cookies anzeigen. W\u00e4hlen Sie die Cookies aus, die den Namen der Betreiberfirma enthalten, und klicken Sie auf L\u00f6schen oder Alle l\u00f6schen. Nachdem Sie die Cookies gel\u00f6scht haben, klicken Sie auf \"Fertig\".<\/p>\n<p class=\"browser\">F\u00fcr Chrome \u2122:<\/p>\n<p><a href=\"https:\/\/support.google.com\/chrome\/answer\/95647?hl=fr&amp;hlrm=en\" target=\"_blank\" rel=\"noopener\">https:\/\/support.google.com\/chrome\/answer\/95647?hl=fr&amp;hlrm=en<\/a><\/p>\n<p>Oder<br \/>\u00d6ffnen Sie Google Chrome. Klicken Sie in der Browser-Symbolleiste auf Mehr. Bewegen Sie den Cursor auf Weitere Tools und klicken Sie dann auf Browsing-Daten l\u00f6schen. Aktivieren Sie im Fenster Browsing-Daten l\u00f6schen die Kontrollk\u00e4stchen Cookies und Daten von anderen Sites oder Plug-ins und Bilder und Dateien im Cache. Verwenden Sie das Men\u00fc oben, um die Datenmenge auszuw\u00e4hlen, die Sie l\u00f6schen m\u00f6chten. W\u00e4hlen Sie \"Von Grund auf\", um alles zu l\u00f6schen. Klicken Sie auf Browsing-Daten l\u00f6schen.<\/p>\n<p class=\"browser\">F\u00fcr Firefox \u2122 :<\/p>\n<p><a href=\"https:\/\/support.mozilla.org\/fr\/kb\/activer-desactiver-cookies-preferences\" target=\"_blank\" rel=\"noopener\">https:\/\/support.mozilla.org\/fr\/kb\/activer-desactiver-cookies-preferences<\/a><\/p>\n<p>Oder<br \/>Gehen Sie auf die Registerkarte \"Extras\" Ihres Browsers und w\u00e4hlen Sie das Men\u00fc \"Optionen\". W\u00e4hlen Sie im erscheinenden Fenster \"Datenschutz\" und klicken Sie auf \"Bestimmte Cookies l\u00f6schen\". Suchen Sie die Dateien, die den Namen der Betreiberfirma enthalten. W\u00e4hlen Sie sie aus und l\u00f6schen Sie sie.<\/p>\n<h3>F\u00fcr weitere Informationen \u00fcber Cookies<\/h3>\n<p>Die Betreibergesellschaft l\u00e4dt Sie ein, die CNIL-Website unter folgender Adresse zu konsultieren<a href=\"https:\/\/www.cnil.fr\/fr\/cookies-les-outils-pour-les-maitriser\" target=\"_blank\" rel=\"noopener\">https:\/\/www.cnil.fr\/fr\/cookies-les-outils-pour-les-maitriser<\/a><\/p>\n<h3>Verweisung an den Verbraucher-Ombudsmann<\/h3>\n<p class=\"last\">Gem\u00e4\u00df den Artikeln L. 616-1 und R. 111-1 6\u00b0 des Verbraucherschutzgesetzes hat der Kunde das Recht, sich an den Ombudsmann f\u00fcr Tourismus und Reisen zu wenden, dessen Kontaktdaten derzeit wie folgt lauten<br \/>Tourismus- und Reisevermittler,<br \/>MTV Mediation Tourismus Reisen<br \/>BP 80 303<br \/>75823 Paris Cedex 17<\/p>\n<p><\/p>\t\t\t\t\t\t\t\t<\/div>\n\t\t\t\t<\/div>\n\t\t\t\t\t<\/div>\n\t\t<\/div>\n\t\t\t\t\t<\/div>\n\t\t<\/section>\n\t\t\t\t<section class=\"elementor-section elementor-top-section elementor-element elementor-element-2c17f6c elementor-section-boxed elementor-section-height-default elementor-section-height-default\" data-id=\"2c17f6c\" data-element_type=\"section\">\n\t\t\t\t\t\t<div class=\"elementor-container elementor-column-gap-default\">\n\t\t\t\t\t<div class=\"elementor-column elementor-col-100 elementor-top-column elementor-element elementor-element-45f6796\" data-id=\"45f6796\" data-element_type=\"column\">\n\t\t\t<div class=\"elementor-widget-wrap\">\n\t\t\t\t\t\t\t<\/div>\n\t\t<\/div>\n\t\t\t\t\t<\/div>\n\t\t<\/section>\n\t\t\t\t<\/div>","protected":false},"excerpt":{"rendered":"<p>RECHTLICHE ANGABEN Name der Betreibergesellschaft : SARL LA PLAGEAnschrift des Firmensitzes: H\u00f4tel*** de la Plage . 38, boulevard de l'Oc\u00e9an . 56750 DAMGANEmail : contact@hotel-morbihan.comT\u00e9l\u00e9phone : +33 (0)2 97 41 10 07Kapital : 259 000,00 \u20acMehrwertsteuer-Identifikationsnummer : FR02100109405725Registriernummer : Vannes B 808 272 827Siretnummer : 41818741500017Fotocredit : \u00a9 Eliophot - Direktor des [...]<\/p>","protected":false},"author":1,"featured_media":0,"parent":0,"menu_order":200,"comment_status":"closed","ping_status":"closed","template":"","meta":{"footnotes":""},"class_list":["post-3","page","type-page","status-publish","hentry"],"_links":{"self":[{"href":"https:\/\/www.hotel-morbihan.com\/de\/wp-json\/wp\/v2\/pages\/3","targetHints":{"allow":["GET"]}}],"collection":[{"href":"https:\/\/www.hotel-morbihan.com\/de\/wp-json\/wp\/v2\/pages"}],"about":[{"href":"https:\/\/www.hotel-morbihan.com\/de\/wp-json\/wp\/v2\/types\/page"}],"author":[{"embeddable":true,"href":"https:\/\/www.hotel-morbihan.com\/de\/wp-json\/wp\/v2\/users\/1"}],"replies":[{"embeddable":true,"href":"https:\/\/www.hotel-morbihan.com\/de\/wp-json\/wp\/v2\/comments?post=3"}],"version-history":[{"count":41,"href":"https:\/\/www.hotel-morbihan.com\/de\/wp-json\/wp\/v2\/pages\/3\/revisions"}],"predecessor-version":[{"id":5571,"href":"https:\/\/www.hotel-morbihan.com\/de\/wp-json\/wp\/v2\/pages\/3\/revisions\/5571"}],"wp:attachment":[{"href":"https:\/\/www.hotel-morbihan.com\/de\/wp-json\/wp\/v2\/media?parent=3"}],"curies":[{"name":"wp","href":"https:\/\/api.w.org\/{rel}","templated":true}]}}