{"id":3230,"date":"2021-05-25T14:42:35","date_gmt":"2021-05-25T12:42:35","guid":{"rendered":"https:\/\/www.hotel-morbihan.com\/?page_id=3230"},"modified":"2021-07-05T16:16:55","modified_gmt":"2021-07-05T14:16:55","slug":"webcam-live-damgan","status":"publish","type":"page","link":"https:\/\/www.hotel-morbihan.com\/de\/webcam-live-damgan\/","title":{"rendered":"Webcam"},"content":{"rendered":"<div data-elementor-type=\"wp-page\" data-elementor-id=\"3230\" class=\"elementor elementor-3230\" data-elementor-post-type=\"page\">\n\t\t\t\t\t\t<section class=\"elementor-section elementor-top-section elementor-element elementor-element-7feef98 elementor-section-stretched elementor-section-boxed elementor-section-height-default elementor-section-height-default\" data-id=\"7feef98\" data-element_type=\"section\" data-e-type=\"section\" id=\"firstsection\" data-settings=\"{&quot;stretch_section&quot;:&quot;section-stretched&quot;,&quot;background_background&quot;:&quot;classic&quot;}\">\n\t\t\t\t\t\t\t<div class=\"elementor-background-overlay\"><\/div>\n\t\t\t\t\t\t\t<div class=\"elementor-container elementor-column-gap-default\">\n\t\t\t\t\t<div class=\"elementor-column elementor-col-100 elementor-top-column elementor-element elementor-element-bc742f2\" data-id=\"bc742f2\" data-element_type=\"column\" data-e-type=\"column\">\n\t\t\t<div class=\"elementor-widget-wrap elementor-element-populated\">\n\t\t\t\t\t\t<div class=\"elementor-element elementor-element-01c048e elementor-widget elementor-widget-heading\" data-id=\"01c048e\" data-element_type=\"widget\" data-e-type=\"widget\" data-widget_type=\"heading.default\">\n\t\t\t\t<div class=\"elementor-widget-container\">\n\t\t\t\t\t<h1 class=\"elementor-heading-title elementor-size-xxl\">Das Meer und der Strand von Damgan leben<\/h1>\t\t\t\t<\/div>\n\t\t\t\t<\/div>\n\t\t\t\t\t<\/div>\n\t\t<\/div>\n\t\t\t\t\t<\/div>\n\t\t<\/section>\n\t\t\t\t<section class=\"elementor-section elementor-top-section elementor-element elementor-element-89b3110 elementor-section-height-min-height elementor-section-boxed elementor-section-height-default elementor-section-items-middle\" data-id=\"89b3110\" data-element_type=\"section\" data-e-type=\"section\">\n\t\t\t\t\t\t<div class=\"elementor-container elementor-column-gap-default\">\n\t\t\t\t\t<div class=\"elementor-column elementor-col-100 elementor-top-column elementor-element elementor-element-355fad9\" data-id=\"355fad9\" data-element_type=\"column\" data-e-type=\"column\" data-settings=\"{&quot;background_background&quot;:&quot;classic&quot;}\">\n\t\t\t<div class=\"elementor-widget-wrap elementor-element-populated\">\n\t\t\t\t\t\t<section class=\"elementor-section elementor-inner-section elementor-element elementor-element-aa2b340 elementor-section-boxed elementor-section-height-default elementor-section-height-default\" data-id=\"aa2b340\" data-element_type=\"section\" data-e-type=\"section\">\n\t\t\t\t\t\t<div class=\"elementor-container elementor-column-gap-default\">\n\t\t\t\t\t<div class=\"elementor-column elementor-col-100 elementor-inner-column elementor-element elementor-element-b5bcfb7\" data-id=\"b5bcfb7\" data-element_type=\"column\" data-e-type=\"column\" id=\"CamLeft\">\n\t\t\t<div class=\"elementor-widget-wrap elementor-element-populated\">\n\t\t\t\t\t\t<div class=\"elementor-element elementor-element-3831d01 webcam elementor-widget__width-auto elementor-widget elementor-widget-html\" data-id=\"3831d01\" data-element_type=\"widget\" data-e-type=\"widget\" data-widget_type=\"html.default\">\n\t\t\t\t<div class=\"elementor-widget-container\">\n\t\t\t\t\t<iframe src=\"https:\/\/ipcamlive.com\/player\/player.php?alias=55315058ac489&amp;autoplay=1&amp;mute=1\" frameborder\"0\"=\"\"><\/iframe>\t\t\t\t<\/div>\n\t\t\t\t<\/div>\n\t\t\t\t<div class=\"elementor-element elementor-element-fff241d link-cams elementor-widget elementor-widget-heading\" data-id=\"fff241d\" data-element_type=\"widget\" data-e-type=\"widget\" id=\"Cam1To2\" data-widget_type=\"heading.default\">\n\t\t\t\t<div class=\"elementor-widget-container\">\n\t\t\t\t\t<div class=\"elementor-heading-title elementor-size-default\"> Kameraf\u00fchrung P\u00e9nerf &gt;&gt;<\/div>\t\t\t\t<\/div>\n\t\t\t\t<\/div>\n\t\t\t\t\t<\/div>\n\t\t<\/div>\n\t\t\t\t\t<\/div>\n\t\t<\/section>\n\t\t\t\t<section class=\"elementor-section elementor-inner-section elementor-element elementor-element-72afecd elementor-section-boxed elementor-section-height-default elementor-section-height-default\" data-id=\"72afecd\" data-element_type=\"section\" data-e-type=\"section\">\n\t\t\t\t\t\t<div class=\"elementor-container elementor-column-gap-default\">\n\t\t\t\t\t<div class=\"elementor-column elementor-col-100 elementor-inner-column elementor-element elementor-element-4d86c49\" data-id=\"4d86c49\" data-element_type=\"column\" data-e-type=\"column\" id=\"CamRight\">\n\t\t\t<div class=\"elementor-widget-wrap elementor-element-populated\">\n\t\t\t\t\t\t<div class=\"elementor-element elementor-element-ab99265 webcam elementor-widget__width-auto elementor-widget elementor-widget-html\" data-id=\"ab99265\" data-element_type=\"widget\" data-e-type=\"widget\" data-widget_type=\"html.default\">\n\t\t\t\t<div class=\"elementor-widget-container\">\n\t\t\t\t\t<iframe src=\"https:\/\/ipcamlive.com\/player\/player.php?alias=552fcfee1a87e&amp;autoplay=1&amp;mute=1\" __idm_id__=\"972124161\" frameborder=\"0\"><\/iframe>\t\t\t\t<\/div>\n\t\t\t\t<\/div>\n\t\t\t\t<div class=\"elementor-element elementor-element-ef4f628 link-cams elementor-widget elementor-widget-heading\" data-id=\"ef4f628\" data-element_type=\"widget\" data-e-type=\"widget\" id=\"Cam2To1\" data-widget_type=\"heading.default\">\n\t\t\t\t<div class=\"elementor-widget-container\">\n\t\t\t\t\t<div class=\"elementor-heading-title elementor-size-default\">&lt;&lt; Kamera Grande Plage de Damgan<\/div>\t\t\t\t<\/div>\n\t\t\t\t<\/div>\n\t\t\t\t\t<\/div>\n\t\t<\/div>\n\t\t\t\t\t<\/div>\n\t\t<\/section>\n\t\t\t\t<div class=\"elementor-element elementor-element-3e40fab elementor-widget elementor-widget-text-editor\" data-id=\"3e40fab\" data-element_type=\"widget\" data-e-type=\"widget\" data-widget_type=\"text-editor.default\">\n\t\t\t\t<div class=\"elementor-widget-container\">\n\t\t\t\t\t\t\t\t\t<div class=\"txtWebcam\"><p>Mit diesem unmittelbaren Blick auf das Hotel de la Plage genie\u00dfen Sie in Echtzeit die Atmosph\u00e4re des Meeres mit seinen Gezeiten, seinen l\u00e4ssigen Spazierg\u00e4ngern und diesem leichten, angenehmen und Gischt tragenden Wind, der so charakteristisch f\u00fcr die Bretagne ist.<\/p><p>Von Ihrem Balkon aus sehen Sie auf der rechten Seite die Pointe du Bil, in Richtung Penerf und auf der linken Seite den Grande Plage, der sich bis zur Pointe de Kervoyal erstreckt. Bei jedem Wetter ist ein Spaziergang am Meer belebend; in der warmen Jahreszeit kann man zu jeder Tageszeit mit den F\u00fc\u00dfen im Wasser an den Str\u00e4nden entlang spazieren. Bei bew\u00f6lktem Wetter den Elementen des Meeres zugewandt, gut mit einem Regenmantel bedeckt und die gro\u00dfen Wellen bewundernd, die an die Felsen schlagen... das sind die einfachen Freuden, die ein Hotel am Strand bietet, und die Bretagne mit ihren vielf\u00e4ltigen Landschaften und typischen Farben ist ein echtes Reiseziel am Meer!<\/p><\/div>\t\t\t\t\t\t\t\t<\/div>\n\t\t\t\t<\/div>\n\t\t\t\t\t<\/div>\n\t\t<\/div>\n\t\t\t\t\t<\/div>\n\t\t<\/section>\n\t\t\t\t<\/div>","protected":false},"excerpt":{"rendered":"<p>L&rsquo;oc\u00e9an et la plage de damgan en direct Camera direction P\u00e9nerf &gt;&gt; &lt;&lt; Camera Grande Plage de Damgan Avec cette vue instantan\u00e9e de l\u2019h\u00f4tel de la Plage, appr\u00e9ciez en temps r\u00e9el l\u2019ambiance du bord de mer avec ses mar\u00e9es, ses promeneurs nonchalants et ce vent l\u00e9ger, agr\u00e9able et porteur d\u2019embruns, si caract\u00e9ristique de la Bretagne. [&hellip;]<\/p>\n","protected":false},"author":6,"featured_media":0,"parent":0,"menu_order":80,"comment_status":"closed","ping_status":"closed","template":"","meta":{"footnotes":""},"class_list":["post-3230","page","type-page","status-publish","hentry"],"_links":{"self":[{"href":"https:\/\/www.hotel-morbihan.com\/de\/wp-json\/wp\/v2\/pages\/3230","targetHints":{"allow":["GET"]}}],"collection":[{"href":"https:\/\/www.hotel-morbihan.com\/de\/wp-json\/wp\/v2\/pages"}],"about":[{"href":"https:\/\/www.hotel-morbihan.com\/de\/wp-json\/wp\/v2\/types\/page"}],"author":[{"embeddable":true,"href":"https:\/\/www.hotel-morbihan.com\/de\/wp-json\/wp\/v2\/users\/6"}],"replies":[{"embeddable":true,"href":"https:\/\/www.hotel-morbihan.com\/de\/wp-json\/wp\/v2\/comments?post=3230"}],"version-history":[{"count":90,"href":"https:\/\/www.hotel-morbihan.com\/de\/wp-json\/wp\/v2\/pages\/3230\/revisions"}],"predecessor-version":[{"id":5225,"href":"https:\/\/www.hotel-morbihan.com\/de\/wp-json\/wp\/v2\/pages\/3230\/revisions\/5225"}],"wp:attachment":[{"href":"https:\/\/www.hotel-morbihan.com\/de\/wp-json\/wp\/v2\/media?parent=3230"}],"curies":[{"name":"wp","href":"https:\/\/api.w.org\/{rel}","templated":true}]}}