{"id":3415,"date":"2021-05-26T15:48:43","date_gmt":"2021-05-26T13:48:43","guid":{"rendered":"https:\/\/www.hotel-morbihan.com\/?page_id=3415"},"modified":"2021-07-05T11:10:35","modified_gmt":"2021-07-05T09:10:35","slug":"hotel-rochefort-en-terre","status":"publish","type":"page","link":"https:\/\/www.hotel-morbihan.com\/de\/tourisme-morbihan\/hotel-rochefort-en-terre\/","title":{"rendered":"Rochefort en Terre"},"content":{"rendered":"<div data-elementor-type=\"wp-page\" data-elementor-id=\"3415\" class=\"elementor elementor-3415\" data-elementor-post-type=\"page\">\n\t\t\t\t\t\t<section class=\"elementor-section elementor-top-section elementor-element elementor-element-2b38d703 elementor-section-stretched elementor-section-boxed elementor-section-height-default elementor-section-height-default\" data-id=\"2b38d703\" data-element_type=\"section\" id=\"firstsection\" data-settings=\"{&quot;stretch_section&quot;:&quot;section-stretched&quot;,&quot;background_background&quot;:&quot;classic&quot;}\">\n\t\t\t\t\t\t\t<div class=\"elementor-background-overlay\"><\/div>\n\t\t\t\t\t\t\t<div class=\"elementor-container elementor-column-gap-default\">\n\t\t\t\t\t<div class=\"elementor-column elementor-col-100 elementor-top-column elementor-element elementor-element-31553102\" data-id=\"31553102\" data-element_type=\"column\">\n\t\t\t<div class=\"elementor-widget-wrap elementor-element-populated\">\n\t\t\t\t\t\t<div class=\"elementor-element elementor-element-2a11d882 elementor-widget elementor-widget-heading\" data-id=\"2a11d882\" data-element_type=\"widget\" data-widget_type=\"heading.default\">\n\t\t\t\t<div class=\"elementor-widget-container\">\n\t\t\t\t\t<h1 class=\"elementor-heading-title elementor-size-xxl\">Das Hotel liegt 30 km von Rochefort-en-terre entfernt<\/h1>\t\t\t\t<\/div>\n\t\t\t\t<\/div>\n\t\t\t\t\t<\/div>\n\t\t<\/div>\n\t\t\t\t\t<\/div>\n\t\t<\/section>\n\t\t\t\t<section class=\"elementor-section elementor-top-section elementor-element elementor-element-78d67805 elementor-section-boxed elementor-section-height-default elementor-section-height-default\" data-id=\"78d67805\" data-element_type=\"section\" data-settings=\"{&quot;background_background&quot;:&quot;classic&quot;}\">\n\t\t\t\t\t\t<div class=\"elementor-container elementor-column-gap-default\">\n\t\t\t\t\t<div class=\"elementor-column elementor-col-100 elementor-top-column elementor-element elementor-element-878ebf4\" data-id=\"878ebf4\" data-element_type=\"column\">\n\t\t\t<div class=\"elementor-widget-wrap elementor-element-populated\">\n\t\t\t\t\t\t<section class=\"elementor-section elementor-inner-section elementor-element elementor-element-50af42fe elementor-section-content-middle elementor-section-boxed elementor-section-height-default elementor-section-height-default\" data-id=\"50af42fe\" data-element_type=\"section\" data-settings=\"{&quot;background_background&quot;:&quot;classic&quot;}\">\n\t\t\t\t\t\t<div class=\"elementor-container elementor-column-gap-default\">\n\t\t\t\t\t<div class=\"elementor-column elementor-col-50 elementor-inner-column elementor-element elementor-element-7f9507e5\" data-id=\"7f9507e5\" data-element_type=\"column\">\n\t\t\t<div class=\"elementor-widget-wrap elementor-element-populated\">\n\t\t\t\t\t\t<div class=\"elementor-element elementor-element-ce59809 elementor-widget elementor-widget-heading\" data-id=\"ce59809\" data-element_type=\"widget\" data-widget_type=\"heading.default\">\n\t\t\t\t<div class=\"elementor-widget-container\">\n\t\t\t\t\t<h2 class=\"elementor-heading-title elementor-size-default\">Ein authentisches Dorf<\/h2>\t\t\t\t<\/div>\n\t\t\t\t<\/div>\n\t\t\t\t<div class=\"elementor-element elementor-element-5535f7e8 elementor-widget elementor-widget-text-editor\" data-id=\"5535f7e8\" data-element_type=\"widget\" data-widget_type=\"text-editor.default\">\n\t\t\t\t<div class=\"elementor-widget-container\">\n\t\t\t\t\t\t\t\t\t<p>Unser Hotel in der N\u00e4he von Rochefort-en-Terre begr\u00fc\u00dft Sie f\u00fcr einen au\u00dfergew\u00f6hnlichen Aufenthalt in der Bretagne. Nur 35 Minuten mit dem Auto vom Hotel entfernt, nehmen Sie sich die Zeit, diese kleine Stadt zu erkunden, die 2016 zum beliebtesten Dorf Frankreichs gew\u00e4hlt wurde. Rochefort-en-Terre ist ein wahrer Ruhepol im Departement Morbihan und wird Sie mit seinem Dekor und seinen malerischen Stra\u00dfen begeistern.<br \/><span style=\"color: #ccb793;\"><strong>Ein authentisches Dorf mit einem reichen kulturellen Erbe<\/strong><\/span><br \/>Rochefort-en-Terre wurde nicht umsonst zum Lieblingsdorf der Franzosen gew\u00e4hlt. Diese kleine Stadt mit Charakter ist voll von bukolischen Gassen aus einem anderen Jahrhundert und vielen anderen Wundern. Datierung vom 12.<sup>\u00e8me<\/sup> Sie werden sich in einen mittelalterlichen Weiler zur\u00fcckversetzt f\u00fchlen. Vers\u00e4umen Sie es nicht, w\u00e4hrend Ihrer Durchfahrt das pr\u00e4chtige Schloss und die Kirche des Ortes sowie die Werkst\u00e4tten der Handwerker zu besuchen.<br \/><span style=\"color: #ccb793;\"><strong>Freizeitaktivit\u00e4ten in Rochefort-en-Terre<\/strong><\/span><br \/>Unser Hotel unweit von Rochefort-en-Terre bietet Ihnen auch eine Vielzahl von Freizeitaktivit\u00e4ten, die Sie nach Ihrer Ankunft im Dorf entdecken k\u00f6nnen und die Sie mit Ihrer Familie, Freunden oder Liebhabern teilen k\u00f6nnen. Nutzen Sie die sch\u00f6nen Wanderungen in der Umgebung, wie z. B. die Schieferh\u00fcgel und ihre atypische Landschaft oder den Rundweg Rochefort-en-Terre.<\/p>\t\t\t\t\t\t\t\t<\/div>\n\t\t\t\t<\/div>\n\t\t\t\t\t<\/div>\n\t\t<\/div>\n\t\t\t\t<div class=\"elementor-column elementor-col-50 elementor-inner-column elementor-element elementor-element-2d2a0a52\" data-id=\"2d2a0a52\" data-element_type=\"column\" data-settings=\"{&quot;background_background&quot;:&quot;classic&quot;}\">\n\t\t\t<div class=\"elementor-widget-wrap elementor-element-populated\">\n\t\t\t\t\t\t<div class=\"elementor-element elementor-element-3adc65bf elementor-arrows-position-inside elementor-widget elementor-widget-image-carousel\" data-id=\"3adc65bf\" data-element_type=\"widget\" data-settings=\"{&quot;slides_to_show&quot;:&quot;1&quot;,&quot;navigation&quot;:&quot;arrows&quot;,&quot;autoplay&quot;:&quot;yes&quot;,&quot;pause_on_hover&quot;:&quot;yes&quot;,&quot;pause_on_interaction&quot;:&quot;yes&quot;,&quot;autoplay_speed&quot;:5000,&quot;infinite&quot;:&quot;yes&quot;,&quot;effect&quot;:&quot;slide&quot;,&quot;speed&quot;:500}\" data-widget_type=\"image-carousel.default\">\n\t\t\t\t<div class=\"elementor-widget-container\">\n\t\t\t\t\t\t\t<div class=\"elementor-image-carousel-wrapper swiper\" role=\"region\" aria-roledescription=\"carousel\" aria-label=\"Carrousel d\u2019images\" dir=\"ltr\">\n\t\t\t<div class=\"elementor-image-carousel swiper-wrapper swiper-image-stretch\" aria-live=\"off\">\n\t\t\t\t\t\t\t\t<div class=\"swiper-slide\" role=\"group\" aria-roledescription=\"slide\" aria-label=\"1 sur 2\"><figure class=\"swiper-slide-inner\"><img decoding=\"async\" class=\"swiper-slide-image\" src=\"https:\/\/www.hotel-morbihan.com\/wp-content\/uploads\/2021\/05\/crtb-ab9220_GUILLAUDEAU-Donatienne-CRT-Bretagne-copie.jpg\" alt=\"crtb-ab9220_GUILLAUDEAU-Donatienne---CRT-Bretagne Kopie\" \/><\/figure><\/div><div class=\"swiper-slide\" role=\"group\" aria-roledescription=\"slide\" aria-label=\"2 sur 2\"><figure class=\"swiper-slide-inner\"><img decoding=\"async\" class=\"swiper-slide-image\" src=\"https:\/\/www.hotel-morbihan.com\/wp-content\/uploads\/2021\/05\/crtb-ab9207_GUILLAUDEAU-Donatienne-CRT-Bretagne-scaled.jpg\" alt=\"crtb-ab9207_GUILLAUDEAU-Donatienne---CRT-Bretagne\" \/><\/figure><\/div>\t\t\t<\/div>\n\t\t\t\t\t\t\t\t\t\t\t\t<div class=\"elementor-swiper-button elementor-swiper-button-prev\" role=\"button\" tabindex=\"0\">\n\t\t\t\t\t\t<i aria-hidden=\"true\" class=\"eicon-chevron-left\"><\/i>\t\t\t\t\t<\/div>\n\t\t\t\t\t<div class=\"elementor-swiper-button elementor-swiper-button-next\" role=\"button\" tabindex=\"0\">\n\t\t\t\t\t\t<i aria-hidden=\"true\" class=\"eicon-chevron-right\"><\/i>\t\t\t\t\t<\/div>\n\t\t\t\t\n\t\t\t\t\t\t\t\t\t<\/div>\n\t\t\t\t\t\t<\/div>\n\t\t\t\t<\/div>\n\t\t\t\t\t<\/div>\n\t\t<\/div>\n\t\t\t\t\t<\/div>\n\t\t<\/section>\n\t\t\t\t<div class=\"elementor-element elementor-element-d6b9fc8 elementor-widget elementor-widget-text-editor\" data-id=\"d6b9fc8\" data-element_type=\"widget\" data-widget_type=\"text-editor.default\">\n\t\t\t\t<div class=\"elementor-widget-container\">\n\t\t\t\t\t\t\t\t\t<p><span style=\"color: #ccb793;\"><strong>Wichtige Ereignisse im Dorf<\/strong><\/span><br \/>Wenn Sie ins Dorf kommen, sollten Sie die wichtigsten Veranstaltungen der Saison nicht verpassen. Ein Muss in Rochefort-en-Terre sind die M\u00e9di\u00e9vales, die Sie in die mittelalterliche Welt der Ritter zur\u00fcckversetzen oder der ber\u00fchmte Weihnachtsmarkt im Winter.<br \/><span style=\"color: #ccb793;\"><strong>Wie man vom Hotel de La Plage nach Rochefort-en-Terre kommt<\/strong><\/span><br \/>Nehmen Sie den Boulevard de l'Oc\u00e9an in Richtung Avenue Prat Godet D140, dann die D7, dann die D777 und schlie\u00dflich die D777A in Richtung Venelle de la Petite Charri\u00e8re in Rochefort-en-Terre. Biegen Sie schlie\u00dflich rechts ab auf die Venelle de la Petite Charri\u00e8re. Sie sind angekommen. Weitere Informationen finden Sie unter <a class=\"link\" href=\"http:\/\/www.rochefortenterre-tourisme.bzh\/\" target=\"_blank\" rel=\"noopener\">das Fremdenverkehrsamt<\/a> von Rochefort-en-Terre.<\/p>\t\t\t\t\t\t\t\t<\/div>\n\t\t\t\t<\/div>\n\t\t\t\t\t<\/div>\n\t\t<\/div>\n\t\t\t\t\t<\/div>\n\t\t<\/section>\n\t\t\t\t<section class=\"elementor-section elementor-top-section elementor-element elementor-element-cb63f3c elementor-section-boxed elementor-section-height-default elementor-section-height-default\" data-id=\"cb63f3c\" data-element_type=\"section\">\n\t\t\t\t\t\t<div class=\"elementor-container elementor-column-gap-default\">\n\t\t\t\t\t<div class=\"elementor-column elementor-col-50 elementor-top-column elementor-element elementor-element-5a6fcf7\" data-id=\"5a6fcf7\" data-element_type=\"column\">\n\t\t\t<div class=\"elementor-widget-wrap elementor-element-populated\">\n\t\t\t\t\t\t<div class=\"elementor-element elementor-element-fdd00d8 elementor-align-left elementor-widget elementor-widget-button\" data-id=\"fdd00d8\" data-element_type=\"widget\" data-widget_type=\"button.default\">\n\t\t\t\t<div class=\"elementor-widget-container\">\n\t\t\t\t\t\t\t\t\t<div class=\"elementor-button-wrapper\">\n\t\t\t\t\t<a class=\"elementor-button elementor-button-link elementor-size-xs\" href=\"https:\/\/www.hotel-morbihan.com\/de\/tourisme-morbihan\/hotel-golfe-morbihan\/\">\n\t\t\t\t\t\t<span class=\"elementor-button-content-wrapper\">\n\t\t\t\t\t\t\t\t\t<span class=\"elementor-button-text\">&lt; GOLFE DU MORBIHAN<\/span>\n\t\t\t\t\t<\/span>\n\t\t\t\t\t<\/a>\n\t\t\t\t<\/div>\n\t\t\t\t\t\t\t\t<\/div>\n\t\t\t\t<\/div>\n\t\t\t\t\t<\/div>\n\t\t<\/div>\n\t\t\t\t<div class=\"elementor-column elementor-col-50 elementor-top-column elementor-element elementor-element-f42038c\" data-id=\"f42038c\" data-element_type=\"column\">\n\t\t\t<div class=\"elementor-widget-wrap elementor-element-populated\">\n\t\t\t\t\t\t<div class=\"elementor-element elementor-element-88dd648 elementor-align-right elementor-widget elementor-widget-button\" data-id=\"88dd648\" data-element_type=\"widget\" data-widget_type=\"button.default\">\n\t\t\t\t<div class=\"elementor-widget-container\">\n\t\t\t\t\t\t\t\t\t<div class=\"elementor-button-wrapper\">\n\t\t\t\t\t<a class=\"elementor-button elementor-button-link elementor-size-xs\" href=\"https:\/\/www.hotel-morbihan.com\/de\/tourisme-morbihan\/hotel-branfere\/\">\n\t\t\t\t\t\t<span class=\"elementor-button-content-wrapper\">\n\t\t\t\t\t\t\t\t\t<span class=\"elementor-button-text\">BRANF\u00c9R\u00c9 &gt;<\/span>\n\t\t\t\t\t<\/span>\n\t\t\t\t\t<\/a>\n\t\t\t\t<\/div>\n\t\t\t\t\t\t\t\t<\/div>\n\t\t\t\t<\/div>\n\t\t\t\t\t<\/div>\n\t\t<\/div>\n\t\t\t\t\t<\/div>\n\t\t<\/section>\n\t\t\t\t<section class=\"elementor-section elementor-top-section elementor-element elementor-element-456de5d elementor-section-boxed elementor-section-height-default elementor-section-height-default\" data-id=\"456de5d\" data-element_type=\"section\">\n\t\t\t\t\t\t<div class=\"elementor-container elementor-column-gap-default\">\n\t\t\t\t\t<div class=\"elementor-column elementor-col-100 elementor-top-column elementor-element elementor-element-8195da6\" data-id=\"8195da6\" data-element_type=\"column\">\n\t\t\t<div class=\"elementor-widget-wrap elementor-element-populated\">\n\t\t\t\t\t\t<div class=\"elementor-element elementor-element-bc3486f elementor-widget elementor-widget-spacer\" data-id=\"bc3486f\" data-element_type=\"widget\" data-widget_type=\"spacer.default\">\n\t\t\t\t<div class=\"elementor-widget-container\">\n\t\t\t\t\t\t\t<div class=\"elementor-spacer\">\n\t\t\t<div class=\"elementor-spacer-inner\"><\/div>\n\t\t<\/div>\n\t\t\t\t\t\t<\/div>\n\t\t\t\t<\/div>\n\t\t\t\t\t<\/div>\n\t\t<\/div>\n\t\t\t\t\t<\/div>\n\t\t<\/section>\n\t\t\t\t<\/div>","protected":false},"excerpt":{"rendered":"<p>Das Hotel 30 km von Rochefort-en-terre entfernt Ein authentisches Dorf Unser Hotel in der N\u00e4he von Rochefort-en-Terre empf\u00e4ngt Sie f\u00fcr einen au\u00dfergew\u00f6hnlichen Aufenthalt in der Bretagne. Nur 35 Autominuten vom Hotel entfernt k\u00f6nnen Sie sich einen Tag Zeit nehmen, um dieses kleine Dorf zu erkunden, das 2016 zum beliebtesten Dorf Frankreichs gew\u00e4hlt wurde. Rochefort-en-Terre, eine wahre Oase der Ruhe, bietet ein breites Spektrum an Aktivit\u00e4ten und [...]<\/p>","protected":false},"author":6,"featured_media":0,"parent":250,"menu_order":0,"comment_status":"closed","ping_status":"closed","template":"","meta":{"footnotes":""},"class_list":["post-3415","page","type-page","status-publish","hentry"],"_links":{"self":[{"href":"https:\/\/www.hotel-morbihan.com\/de\/wp-json\/wp\/v2\/pages\/3415","targetHints":{"allow":["GET"]}}],"collection":[{"href":"https:\/\/www.hotel-morbihan.com\/de\/wp-json\/wp\/v2\/pages"}],"about":[{"href":"https:\/\/www.hotel-morbihan.com\/de\/wp-json\/wp\/v2\/types\/page"}],"author":[{"embeddable":true,"href":"https:\/\/www.hotel-morbihan.com\/de\/wp-json\/wp\/v2\/users\/6"}],"replies":[{"embeddable":true,"href":"https:\/\/www.hotel-morbihan.com\/de\/wp-json\/wp\/v2\/comments?post=3415"}],"version-history":[{"count":43,"href":"https:\/\/www.hotel-morbihan.com\/de\/wp-json\/wp\/v2\/pages\/3415\/revisions"}],"predecessor-version":[{"id":5197,"href":"https:\/\/www.hotel-morbihan.com\/de\/wp-json\/wp\/v2\/pages\/3415\/revisions\/5197"}],"up":[{"embeddable":true,"href":"https:\/\/www.hotel-morbihan.com\/de\/wp-json\/wp\/v2\/pages\/250"}],"wp:attachment":[{"href":"https:\/\/www.hotel-morbihan.com\/de\/wp-json\/wp\/v2\/media?parent=3415"}],"curies":[{"name":"wp","href":"https:\/\/api.w.org\/{rel}","templated":true}]}}