{"id":3479,"date":"2021-05-26T16:52:24","date_gmt":"2021-05-26T14:52:24","guid":{"rendered":"https:\/\/www.hotel-morbihan.com\/?page_id=3479"},"modified":"2025-03-31T15:00:29","modified_gmt":"2025-03-31T13:00:29","slug":"conditions-generales-de-vente","status":"publish","type":"page","link":"https:\/\/www.hotel-morbihan.com\/de\/conditions-generales-de-vente\/","title":{"rendered":"Allgemeine Verkaufsbedingungen"},"content":{"rendered":"<div data-elementor-type=\"wp-page\" data-elementor-id=\"3479\" class=\"elementor elementor-3479\" data-elementor-post-type=\"page\">\n\t\t\t\t\t\t<section class=\"elementor-section elementor-top-section elementor-element elementor-element-74c16863 elementor-section-boxed elementor-section-height-default elementor-section-height-default\" data-id=\"74c16863\" data-element_type=\"section\">\n\t\t\t\t\t\t<div class=\"elementor-container elementor-column-gap-default\">\n\t\t\t\t\t<div class=\"elementor-column elementor-col-100 elementor-top-column elementor-element elementor-element-4bcc73f1\" data-id=\"4bcc73f1\" data-element_type=\"column\">\n\t\t\t<div class=\"elementor-widget-wrap elementor-element-populated\">\n\t\t\t\t\t\t<div class=\"elementor-element elementor-element-b36deaf elementor-widget elementor-widget-spacer\" data-id=\"b36deaf\" data-element_type=\"widget\" id=\"firstsection\" data-widget_type=\"spacer.default\">\n\t\t\t\t<div class=\"elementor-widget-container\">\n\t\t\t\t\t\t\t<div class=\"elementor-spacer\">\n\t\t\t<div class=\"elementor-spacer-inner\"><\/div>\n\t\t<\/div>\n\t\t\t\t\t\t<\/div>\n\t\t\t\t<\/div>\n\t\t\t\t<div class=\"elementor-element elementor-element-310d2e53 elementor-widget elementor-widget-text-editor\" data-id=\"310d2e53\" data-element_type=\"widget\" data-widget_type=\"text-editor.default\">\n\t\t\t\t<div class=\"elementor-widget-container\">\n\t\t\t\t\t\t\t\t\t<p>Ces pr\u00e9sentes conditions sont valables du 01\/01\/2025 au 31\/12\/2025.<\/p><p>Sie sollen Sie \u00fcber die Bedingungen und Modalit\u00e4ten der Buchung und Stornierung in unserem Haus sowie \u00fcber Ihre Pflichten informieren. F\u00fcr alle Reservierungen gilt die Hausordnung des Hotels. Indem Sie eine Anzahlung leisten oder Ihre Reservierung mit einer Kreditkarte garantieren, erkl\u00e4ren Sie sich mit den allgemeinen Verkaufsbedingungen und den internen Regelungen des Hotels einverstanden.<br \/><strong><br \/><\/strong><\/p><p><strong><span style=\"color: #003468;\">DIE RATEN<\/span><br \/><\/strong>Die angegebenen Preise sind inklusive Mehrwertsteuer pro Zimmer und pro Nacht. Die Kurtaxe ist nicht im Zimmerpreis enthalten. Ihre Reservierung wird f\u00fcr eine bestimmte Anzahl von Personen pro Zimmer und f\u00fcr das gew\u00e4hlte Datum vorgenommen. Um die Sicherheit des Geb\u00e4udes zu gew\u00e4hrleisten, d\u00fcrfen Sie keine zus\u00e4tzlichen Personen unterbringen.<\/p><p><strong><span style=\"color: #003468;\">RESERVIERUNG UND GARANTIE<\/span><br \/><\/strong>Die Reservierung und das Zustandekommen des Aufenthaltes werden erst wirksam, wenn der <span style=\"color: #003468;\"><strong><em>Zahlung einer Kaution<\/em><\/strong><\/span>Die Zahlung erfolgt per Kreditkarte, au\u00dfer bei Last-Minute-Reservierungen, die durch Ihre Kreditkarte garantiert werden (Nummer mit Ablaufdatum und Kryptogramm g\u00fcltig bis zum Tag der Abreise).<br \/><strong>*<span style=\"color: #003468;\"> f\u00fcr eine Nacht 50\u20ac.<\/span><br \/><\/strong>* Bei einem Mindestaufenthalt von 2 N\u00e4chten ist ein Betrag von 30% der Gesamtheit der letzteren erforderlich.<br \/><span style=\"color: #003468;\"><strong>F\u00fcr Fr\u00fchbuchungen (Sonderkonditionen), Promotionen, Pakete (Romantik oder Gourmet) betr\u00e4gt die Anzahlung 100% des Gesamtbetrags des Aufenthalts. Sie k\u00f6nnen nicht ge\u00e4ndert oder storniert werden.<\/strong><\/span><\/p><p>Die Kaution ist am Ende des Aufenthalts abzugsf\u00e4hig. Jede Reservierung ohne Garantie wird bis 18:00 Uhr gehalten. Das Hotel beh\u00e4lt sich das Recht vor, das Zimmer nach dieser Zeit ohne Vorank\u00fcndigung neu zu vermieten.<\/p><p>Alle unsere Vorzugsangebote, wie z.B. Aktionen, Sonderangebote, Vorausbuchungen und Last-Minute-Buchungen, die ausschlie\u00dflich vom Hotel auf seiner Website oder direkt am Telefon angeboten werden, sind nicht miteinander kombinierbar. Sie k\u00f6nnen in einigen F\u00e4llen besonderen Buchungs- und Stornierungsbedingungen unterliegen, \u00fcber die der Kunde im Voraus informiert wird.<\/p><p><span style=\"color: #003468;\"><strong>SP\u00c4TE ANKUNFT<\/strong><\/span>\u00a0<br \/>Bei versp\u00e4teter Anreise wird der Gesamtbetrag der nicht bezahlten N\u00e4chte f\u00e4llig.<\/p><p><span style=\"color: #003468;\"><strong>\u00d6KOLOGISCHER URLAUB<br \/>50% du prix de la chambre par nuit \u00e9court\u00e9e seront factur\u00e9s pour tout d\u00e9part anticip\u00e9.<\/strong><\/span><\/p><p><strong><span style=\"color: #003468;\">KEINE DARSTELLUNG :<\/span><br \/><\/strong>Bei einer Stornierung nach 18:00 Uhr (Ortszeit) am Anreisetag oder bei Nichterscheinen wird eine Strafgeb\u00fchr erhoben. Diese Strafe entspricht dem Betrag der Anzahlung f\u00fcr Reservierungen von mehr als 3 Tagen oder dem Betrag einer Nacht f\u00fcr Aufenthalte von weniger als 3 Tagen.<\/p><p><span style=\"color: #003468;\"><strong>STORNIERUNGSBEDINGUNGEN\u00a0<\/strong><strong>\u00a0<br \/><\/strong><strong>Das Hotel de la plage bietet Ihnen die M\u00f6glichkeit, unter verschiedenen Arten von Angeboten zu buchen, die teilweise besonderen Stornobedingungen unterliegen. F\u00fcr Zimmerreservierungen, die keinen besonderen Stornobedingungen unterliegen (Fr\u00fchbucher, Promotionen, Pakete ...), gelten die nachstehenden Bedingungen;<br \/><\/strong><strong>*annulation \u00e0 plus de 15 jours de votre date d\u2019arriv\u00e9e, nous remboursons les arrhes.<br \/><\/strong><strong>*Wenn Sie weniger als 15 Tage vor Ihrem Anreisedatum stornieren, wird Ihre Anzahlung in voller H\u00f6he einbehalten.<\/strong><\/span><\/p><p><span style=\"color: #003468;\"><strong>Bei Aktionsangeboten (Fr\u00fchbucher, Pakete, ...) wird die gesamte Anzahlung einbehalten.<\/strong><\/span><\/p><p><strong><span style=\"color: #003468;\">ZUGANG ZU DEN R\u00c4UMEN:<\/span><br \/><\/strong>Les chambres sont disponibles \u00e0 partir de 15H00 le jour de votre arriv\u00e9e et doivent \u00eatre lib\u00e9r\u00e9es au plus tard \u00e0 11H00 le jour de votre d\u00e9part.\u00a0 Si le client souhaite conserver sa chambre au-del\u00e0 de 11h00 le jour du d\u00e9part, il devra en faire la demande aupr\u00e8s de la r\u00e9ception au moins 24 heures \u00e0 l\u2019avance. Un montant \u00e9quivalent \u00e0 50% de la nuit sera factur\u00e9. Tout d\u00e9part apr\u00e8s 11h00 sans accord pr\u00e9alable sera factur\u00e9 \u00e0 hauteur de 50% du prix de la nuit suivante.<\/p><p><strong><span style=\"color: #003468;\">HUNDE\u00a0<\/span><br \/><\/strong>Nous n&rsquo;acceptons que les chiens de petite taille (-5kg)\u00a0 et uniquement sur demande et sous conditions; Le propri\u00e9taire\u00a0 est responsable de la bonne tenue de son animal sur l\u2019ensemble de la propri\u00e9t\u00e9 et dans l\u2019\u00e9tablissement. Toute d\u00e9gradation sera prise en compte. La laisse est de rigueur dans l\u2019enceinte et \u00e0 l\u2019int\u00e9rieur de l\u2019\u00e9tablissement. Votre animal ne pourra rester seul en chambre. Un suppl\u00e9ment de 12\u20ac par jour est appliqu\u00e9 au tarif de la chambre.<\/p><p><strong><span style=\"color: #003468;\">ZAHLUNGSBEDINGUNGEN:<\/span><br \/><\/strong>Ihre Zahlungen k\u00f6nnen per pers\u00f6nlichem Scheck in Euro oder mit Urlaubsgutscheinen nur f\u00fcr Frankreich oder mit Bankkarten, Visa, Eurocard\/Mastercard erfolgen.<br \/>Vor Ort ist bei Aufenthalten von mehr als sieben Tagen eine w\u00f6chentliche Rechnung zu begleichen und der Restbetrag am Ende des Aufenthalts.<\/p><p><span style=\"color: #003468;\"><strong>VERBOTEN:<\/strong><\/span><br \/><span style=\"color: #003468;\"><strong>Das Rauchen ist in den Zimmern aus offensichtlichen Gr\u00fcnden der Sicherheit und aus R\u00fccksicht auf die nachfolgenden G\u00e4ste absolut verboten.  Auf den Balkonen kann bei geschlossenen Fenstern geraucht werden, vor dem Hotel steht ein f\u00fcr Raucher reservierter Unterstand zur Verf\u00fcgung. Es ist auch verboten, in den Zimmern zu essen, mit Ausnahme des von uns servierten Fr\u00fchst\u00fccks.  Bei Zuwiderhandlung wird ein Festbetrag von 150 \u20ac f\u00fcr die komplette Reinigung und bakterizide Desinfektion des Zimmers in Rechnung gestellt.<\/strong><\/span><\/p><p>HOTEL DE LA PLAGE<br \/>38 Boulevard de l'Oc\u00e9an<br \/>56750 - DAMGAN<br \/>Tel. 02.97.41.10.07 - Fax.02.97.41.12.82<br \/>Siret n\u00b0808 272 827<br \/>Ape 5510Z<br \/>Innergemeinschaftliche Umsatzsteuer-Identifikationsnummer \/ FR77808272827<br \/>Touristische Genehmigung N\u00b0 IM056100027<\/p><p><!-- \/wp:heading --><\/p>\t\t\t\t\t\t\t\t<\/div>\n\t\t\t\t<\/div>\n\t\t\t\t\t<\/div>\n\t\t<\/div>\n\t\t\t\t\t<\/div>\n\t\t<\/section>\n\t\t\t\t<\/div>","protected":false},"excerpt":{"rendered":"<p>Ces pr\u00e9sentes conditions sont valables du 01\/01\/2025 au 31\/12\/2025. elles ont pour objet de vous informer sur les conditions et modalit\u00e9s de r\u00e9servation et d\u2019annulation dans notre \u00e9tablissement, ainsi que vos responsabilit\u00e9s. Le r\u00e8glement int\u00e9rieur de l\u2019h\u00f4tel s\u2019applique \u00e0 l\u2019ensemble des r\u00e9servations. Le fait de verser des arrhes ou de garantir sa r\u00e9servation avec une [&hellip;]<\/p>","protected":false},"author":6,"featured_media":0,"parent":0,"menu_order":200,"comment_status":"closed","ping_status":"closed","template":"","meta":{"footnotes":""},"class_list":["post-3479","page","type-page","status-publish","hentry"],"_links":{"self":[{"href":"https:\/\/www.hotel-morbihan.com\/de\/wp-json\/wp\/v2\/pages\/3479","targetHints":{"allow":["GET"]}}],"collection":[{"href":"https:\/\/www.hotel-morbihan.com\/de\/wp-json\/wp\/v2\/pages"}],"about":[{"href":"https:\/\/www.hotel-morbihan.com\/de\/wp-json\/wp\/v2\/types\/page"}],"author":[{"embeddable":true,"href":"https:\/\/www.hotel-morbihan.com\/de\/wp-json\/wp\/v2\/users\/6"}],"replies":[{"embeddable":true,"href":"https:\/\/www.hotel-morbihan.com\/de\/wp-json\/wp\/v2\/comments?post=3479"}],"version-history":[{"count":19,"href":"https:\/\/www.hotel-morbihan.com\/de\/wp-json\/wp\/v2\/pages\/3479\/revisions"}],"predecessor-version":[{"id":5931,"href":"https:\/\/www.hotel-morbihan.com\/de\/wp-json\/wp\/v2\/pages\/3479\/revisions\/5931"}],"wp:attachment":[{"href":"https:\/\/www.hotel-morbihan.com\/de\/wp-json\/wp\/v2\/media?parent=3479"}],"curies":[{"name":"wp","href":"https:\/\/api.w.org\/{rel}","templated":true}]}}