{"id":3420,"date":"2021-05-26T16:00:50","date_gmt":"2021-05-26T14:00:50","guid":{"rendered":"https:\/\/www.hotel-morbihan.com\/?page_id=3420"},"modified":"2021-07-05T15:08:15","modified_gmt":"2021-07-05T13:08:15","slug":"hotel-branfere","status":"publish","type":"page","link":"https:\/\/www.hotel-morbihan.com\/en\/tourisme-morbihan\/hotel-branfere\/","title":{"rendered":"Branf\u00e9r\u00e9"},"content":{"rendered":"<div data-elementor-type=\"wp-page\" data-elementor-id=\"3420\" class=\"elementor elementor-3420\" data-elementor-post-type=\"page\">\n\t\t\t\t\t\t<section class=\"elementor-section elementor-top-section elementor-element elementor-element-49a41db9 elementor-section-stretched elementor-section-boxed elementor-section-height-default elementor-section-height-default\" data-id=\"49a41db9\" data-element_type=\"section\" id=\"firstsection\" data-settings=\"{&quot;stretch_section&quot;:&quot;section-stretched&quot;,&quot;background_background&quot;:&quot;classic&quot;}\">\n\t\t\t\t\t\t\t<div class=\"elementor-background-overlay\"><\/div>\n\t\t\t\t\t\t\t<div class=\"elementor-container elementor-column-gap-default\">\n\t\t\t\t\t<div class=\"elementor-column elementor-col-100 elementor-top-column elementor-element elementor-element-22bf0405\" data-id=\"22bf0405\" data-element_type=\"column\">\n\t\t\t<div class=\"elementor-widget-wrap elementor-element-populated\">\n\t\t\t\t\t\t<div class=\"elementor-element elementor-element-f457b8f elementor-widget elementor-widget-heading\" data-id=\"f457b8f\" data-element_type=\"widget\" data-widget_type=\"heading.default\">\n\t\t\t\t<div class=\"elementor-widget-container\">\n\t\t\t\t\t<h1 class=\"elementor-heading-title elementor-size-xxl\">the hotel 20 minutes from Branf\u00e9r\u00e9<\/h1>\t\t\t\t<\/div>\n\t\t\t\t<\/div>\n\t\t\t\t\t<\/div>\n\t\t<\/div>\n\t\t\t\t\t<\/div>\n\t\t<\/section>\n\t\t\t\t<section class=\"elementor-section elementor-top-section elementor-element elementor-element-67317216 elementor-section-boxed elementor-section-height-default elementor-section-height-default\" data-id=\"67317216\" data-element_type=\"section\" data-settings=\"{&quot;background_background&quot;:&quot;classic&quot;}\">\n\t\t\t\t\t\t<div class=\"elementor-container elementor-column-gap-default\">\n\t\t\t\t\t<div class=\"elementor-column elementor-col-100 elementor-top-column elementor-element elementor-element-5ab330eb\" data-id=\"5ab330eb\" data-element_type=\"column\">\n\t\t\t<div class=\"elementor-widget-wrap elementor-element-populated\">\n\t\t\t\t\t\t<section class=\"elementor-section elementor-inner-section elementor-element elementor-element-2f80cb02 elementor-section-content-middle elementor-section-boxed elementor-section-height-default elementor-section-height-default\" data-id=\"2f80cb02\" data-element_type=\"section\" data-settings=\"{&quot;background_background&quot;:&quot;classic&quot;}\">\n\t\t\t\t\t\t<div class=\"elementor-container elementor-column-gap-default\">\n\t\t\t\t\t<div class=\"elementor-column elementor-col-50 elementor-inner-column elementor-element elementor-element-6fbb586e\" data-id=\"6fbb586e\" data-element_type=\"column\">\n\t\t\t<div class=\"elementor-widget-wrap elementor-element-populated\">\n\t\t\t\t\t\t<div class=\"elementor-element elementor-element-36ac4b7b elementor-widget elementor-widget-heading\" data-id=\"36ac4b7b\" data-element_type=\"widget\" data-widget_type=\"heading.default\">\n\t\t\t\t<div class=\"elementor-widget-container\">\n\t\t\t\t\t<h2 class=\"elementor-heading-title elementor-size-default\">ZOO IN BRITTANY<\/h2>\t\t\t\t<\/div>\n\t\t\t\t<\/div>\n\t\t\t\t<div class=\"elementor-element elementor-element-655cb5a2 elementor-widget elementor-widget-text-editor\" data-id=\"655cb5a2\" data-element_type=\"widget\" data-widget_type=\"text-editor.default\">\n\t\t\t\t<div class=\"elementor-widget-container\">\n\t\t\t\t\t\t\t\t\t<p><span style=\"color: #ccb793;\"><strong>ANIMAL PARK OF BRANF\u00c9R\u00c9 NEAR THE HOTEL OF THE BEACH<\/strong><\/span><br \/>The 3-star Hotel de la Plage in Damgan offers you a stay with your feet in the water. This hotel in Morbihan invites you in one of its <a class=\"\" href=\"http:\/\/www.hotel-morbihan.com\/en\/#\/chambre-morbihan\">17 rooms<\/a> facing the sea. Its ideal situation allows you to discover the\u00a0<a class=\"link\" href=\"http:\/\/www.branfere.com\/visite-parc-animalier-botanique-2-146.html\" target=\"_blank\" rel=\"noopener\">Zoo Branf\u00e9r\u00e9<\/a>The hotel is located only 20 minutes from the establishment. A stay in Brittany that will enchant young and old.<\/p><p><span style=\"color: #ccb793;\"><strong>THE ZOO OF BRANF\u00c9R\u00c9 IN MORBIHAN<\/strong><\/span><br \/>Branf\u00e9r\u00e9 is a unique concept in France, bringing together in one place an animal and botanical park, not to mention the Parcabout leisure park and the environmental education centre (the Nicolas Hulot School).<\/p><p>It is a place of discovery of the animal and plant world dedicated to the respect of nature.<\/p><p>The Parc de Branf\u00e9r\u00e9 is a botanical park of 45 hectares, where you can discover more than 150 animal species from around the world.<\/p><p>You will experience a magical moment while observing nearly 1200 animals living in conditions close to the natural environment.<\/p>\t\t\t\t\t\t\t\t<\/div>\n\t\t\t\t<\/div>\n\t\t\t\t\t<\/div>\n\t\t<\/div>\n\t\t\t\t<div class=\"elementor-column elementor-col-50 elementor-inner-column elementor-element elementor-element-5a8760ac\" data-id=\"5a8760ac\" data-element_type=\"column\" data-settings=\"{&quot;background_background&quot;:&quot;classic&quot;}\">\n\t\t\t<div class=\"elementor-widget-wrap elementor-element-populated\">\n\t\t\t\t\t\t<div class=\"elementor-element elementor-element-1083ac3b elementor-arrows-position-inside elementor-widget elementor-widget-image-carousel\" data-id=\"1083ac3b\" data-element_type=\"widget\" data-settings=\"{&quot;slides_to_show&quot;:&quot;1&quot;,&quot;navigation&quot;:&quot;arrows&quot;,&quot;autoplay&quot;:&quot;yes&quot;,&quot;pause_on_hover&quot;:&quot;yes&quot;,&quot;pause_on_interaction&quot;:&quot;yes&quot;,&quot;autoplay_speed&quot;:5000,&quot;infinite&quot;:&quot;yes&quot;,&quot;effect&quot;:&quot;slide&quot;,&quot;speed&quot;:500}\" data-widget_type=\"image-carousel.default\">\n\t\t\t\t<div class=\"elementor-widget-container\">\n\t\t\t\t\t\t\t<div class=\"elementor-image-carousel-wrapper swiper\" role=\"region\" aria-roledescription=\"carousel\" aria-label=\"Carrousel d\u2019images\" dir=\"ltr\">\n\t\t\t<div class=\"elementor-image-carousel swiper-wrapper swiper-image-stretch\" aria-live=\"off\">\n\t\t\t\t\t\t\t\t<div class=\"swiper-slide\" role=\"group\" aria-roledescription=\"slide\" aria-label=\"1 sur 2\"><figure class=\"swiper-slide-inner\"><img decoding=\"async\" class=\"swiper-slide-image\" src=\"https:\/\/www.hotel-morbihan.com\/wp-content\/uploads\/2021\/05\/iStock-1281702756.jpg\" alt=\"Animals and flora taken in Branf\u00e9r\u00e9 Park\" \/><\/figure><\/div><div class=\"swiper-slide\" role=\"group\" aria-roledescription=\"slide\" aria-label=\"2 sur 2\"><figure class=\"swiper-slide-inner\"><img decoding=\"async\" class=\"swiper-slide-image\" src=\"https:\/\/www.hotel-morbihan.com\/wp-content\/uploads\/2021\/05\/iStock-1281700213.jpg\" alt=\"Animals and flora taken in Branf\u00e9r\u00e9 Park\" \/><\/figure><\/div>\t\t\t<\/div>\n\t\t\t\t\t\t\t\t\t\t\t\t<div class=\"elementor-swiper-button elementor-swiper-button-prev\" role=\"button\" tabindex=\"0\">\n\t\t\t\t\t\t<i aria-hidden=\"true\" class=\"eicon-chevron-left\"><\/i>\t\t\t\t\t<\/div>\n\t\t\t\t\t<div class=\"elementor-swiper-button elementor-swiper-button-next\" role=\"button\" tabindex=\"0\">\n\t\t\t\t\t\t<i aria-hidden=\"true\" class=\"eicon-chevron-right\"><\/i>\t\t\t\t\t<\/div>\n\t\t\t\t\n\t\t\t\t\t\t\t\t\t<\/div>\n\t\t\t\t\t\t<\/div>\n\t\t\t\t<\/div>\n\t\t\t\t\t<\/div>\n\t\t<\/div>\n\t\t\t\t\t<\/div>\n\t\t<\/section>\n\t\t\t\t<div class=\"elementor-element elementor-element-01c2359 elementor-widget elementor-widget-text-editor\" data-id=\"01c2359\" data-element_type=\"widget\" data-widget_type=\"text-editor.default\">\n\t\t\t\t<div class=\"elementor-widget-container\">\n\t\t\t\t\t\t\t\t\t<p><span style=\"color: #ccb793;\"><strong>THE PARK OF BRANF\u00c9R\u00c9<\/strong><\/span><br \/>To take full advantage of the proximity of the animals, the Branf\u00e9r\u00e9 56 zoo offers spectacular, educational and cultural activities throughout the year.<\/p><p>In the heart of the animal world, you will live a moment in harmony with nature.<\/p><p>The Parc de Branf\u00e9r\u00e9 in Morbihan at Le Guerno is open every day from 10am to 6pm in high season, please note that the hours and annual closure <a class=\"link\" href=\"http:\/\/www.branfere.com\/horaires-2-177.html\" target=\"_blank\" rel=\"noopener\">are not fixed<\/a>.<\/p><p>You can consult the rates by clicking on the<a class=\"link\" href=\"http:\/\/www.branfere.com\/tarifs-2-179.html\" target=\"_blank\" rel=\"noopener\"> Branf\u00e9r\u00e9 Animal Park<\/a>.<\/p><p>Staying at the Hotel de la Plage in Damgan allows you to visit the Branf\u00e9r\u00e9 zoo and enjoy the pleasures of the seaside.<\/p><p><span style=\"color: #ccb793;\"><strong>GO TO THE PARK OF BRANFER\u00c9 FROM THE HOTEL<\/strong><\/span><\/p><p>Take the Boulevard de l'Oc\u00e9an towards Avenue Prat Godet\/D140.<br \/>2 min (350 m)<\/p><p>Continue on the D140 and take the D153, N165 and D20 towards Rue de la Fontaine Sainte-Anne in Le Guerno.<br \/>19 min (19.3 km)<\/p><p>Then follow the road to Branf\u00e9r\u00e9 in the direction of the Branf\u00e9r\u00e9 Animal Park.<br \/>2 min (1.2 km)<\/p><p>The exact address:<br \/>Animal and botanical park of Branf\u00e9r\u00e9<br \/>56190 Le Guerno<br \/>To order tickets: <a href=\"http:\/\/shop.branfere.com\/\" target=\"_blank\" rel=\"noopener\">http:\/\/shop.branfere.com\/<\/a><\/p>\t\t\t\t\t\t\t\t<\/div>\n\t\t\t\t<\/div>\n\t\t\t\t\t<\/div>\n\t\t<\/div>\n\t\t\t\t\t<\/div>\n\t\t<\/section>\n\t\t\t\t<section class=\"elementor-section elementor-top-section elementor-element elementor-element-26702bc elementor-section-boxed elementor-section-height-default elementor-section-height-default\" data-id=\"26702bc\" data-element_type=\"section\">\n\t\t\t\t\t\t<div class=\"elementor-container elementor-column-gap-default\">\n\t\t\t\t\t<div class=\"elementor-column elementor-col-50 elementor-top-column elementor-element elementor-element-c0fe6b3\" data-id=\"c0fe6b3\" data-element_type=\"column\">\n\t\t\t<div class=\"elementor-widget-wrap elementor-element-populated\">\n\t\t\t\t\t\t<div class=\"elementor-element elementor-element-9b4a15d elementor-align-left elementor-widget elementor-widget-button\" data-id=\"9b4a15d\" data-element_type=\"widget\" data-widget_type=\"button.default\">\n\t\t\t\t<div class=\"elementor-widget-container\">\n\t\t\t\t\t\t\t\t\t<div class=\"elementor-button-wrapper\">\n\t\t\t\t\t<a class=\"elementor-button elementor-button-link elementor-size-xs\" href=\"https:\/\/www.hotel-morbihan.com\/en\/tourisme-morbihan\/hotel-rochefort-en-terre\/\">\n\t\t\t\t\t\t<span class=\"elementor-button-content-wrapper\">\n\t\t\t\t\t\t\t\t\t<span class=\"elementor-button-text\">&lt; ROCHEFORT EN TERRE<\/span>\n\t\t\t\t\t<\/span>\n\t\t\t\t\t<\/a>\n\t\t\t\t<\/div>\n\t\t\t\t\t\t\t\t<\/div>\n\t\t\t\t<\/div>\n\t\t\t\t\t<\/div>\n\t\t<\/div>\n\t\t\t\t<div class=\"elementor-column elementor-col-50 elementor-top-column elementor-element elementor-element-fff3f83\" data-id=\"fff3f83\" data-element_type=\"column\">\n\t\t\t<div class=\"elementor-widget-wrap elementor-element-populated\">\n\t\t\t\t\t\t<div class=\"elementor-element elementor-element-3345a07 elementor-align-right elementor-widget elementor-widget-button\" data-id=\"3345a07\" data-element_type=\"widget\" data-widget_type=\"button.default\">\n\t\t\t\t<div class=\"elementor-widget-container\">\n\t\t\t\t\t\t\t\t\t<div class=\"elementor-button-wrapper\">\n\t\t\t\t\t<a class=\"elementor-button elementor-button-link elementor-size-xs\" href=\"https:\/\/www.hotel-morbihan.com\/en\/tourisme-morbihan\/hotel-damgan\/\">\n\t\t\t\t\t\t<span class=\"elementor-button-content-wrapper\">\n\t\t\t\t\t\t\t\t\t<span class=\"elementor-button-text\">DAMGAN &gt;<\/span>\n\t\t\t\t\t<\/span>\n\t\t\t\t\t<\/a>\n\t\t\t\t<\/div>\n\t\t\t\t\t\t\t\t<\/div>\n\t\t\t\t<\/div>\n\t\t\t\t\t<\/div>\n\t\t<\/div>\n\t\t\t\t\t<\/div>\n\t\t<\/section>\n\t\t\t\t<section class=\"elementor-section elementor-top-section elementor-element elementor-element-5f0786c elementor-section-boxed elementor-section-height-default elementor-section-height-default\" data-id=\"5f0786c\" data-element_type=\"section\">\n\t\t\t\t\t\t<div class=\"elementor-container elementor-column-gap-default\">\n\t\t\t\t\t<div class=\"elementor-column elementor-col-100 elementor-top-column elementor-element elementor-element-80f2b84\" data-id=\"80f2b84\" data-element_type=\"column\">\n\t\t\t<div class=\"elementor-widget-wrap elementor-element-populated\">\n\t\t\t\t\t\t<div class=\"elementor-element elementor-element-f5694c5 elementor-widget elementor-widget-spacer\" data-id=\"f5694c5\" data-element_type=\"widget\" data-widget_type=\"spacer.default\">\n\t\t\t\t<div class=\"elementor-widget-container\">\n\t\t\t\t\t\t\t<div class=\"elementor-spacer\">\n\t\t\t<div class=\"elementor-spacer-inner\"><\/div>\n\t\t<\/div>\n\t\t\t\t\t\t<\/div>\n\t\t\t\t<\/div>\n\t\t\t\t\t<\/div>\n\t\t<\/div>\n\t\t\t\t\t<\/div>\n\t\t<\/section>\n\t\t\t\t<\/div>","protected":false},"excerpt":{"rendered":"<p>the hotel 20 minutes from Branf\u00e9r\u00e9 ZOO IN BRITTANY BRANFER\u00c9 ANIMAL PARK NEAR THE H\u00d6TEL DE LA PLAGThe 3-star Hotel de la Plage in Damgan offers you a stay with your feet in the water. This hotel in Morbihan invites you to one of its 17 rooms facing the sea. Its ideal location will allow you to enjoy a [...]<\/p>","protected":false},"author":6,"featured_media":0,"parent":250,"menu_order":0,"comment_status":"closed","ping_status":"closed","template":"","meta":{"footnotes":""},"class_list":["post-3420","page","type-page","status-publish","hentry"],"_links":{"self":[{"href":"https:\/\/www.hotel-morbihan.com\/en\/wp-json\/wp\/v2\/pages\/3420","targetHints":{"allow":["GET"]}}],"collection":[{"href":"https:\/\/www.hotel-morbihan.com\/en\/wp-json\/wp\/v2\/pages"}],"about":[{"href":"https:\/\/www.hotel-morbihan.com\/en\/wp-json\/wp\/v2\/types\/page"}],"author":[{"embeddable":true,"href":"https:\/\/www.hotel-morbihan.com\/en\/wp-json\/wp\/v2\/users\/6"}],"replies":[{"embeddable":true,"href":"https:\/\/www.hotel-morbihan.com\/en\/wp-json\/wp\/v2\/comments?post=3420"}],"version-history":[{"count":68,"href":"https:\/\/www.hotel-morbihan.com\/en\/wp-json\/wp\/v2\/pages\/3420\/revisions"}],"predecessor-version":[{"id":5265,"href":"https:\/\/www.hotel-morbihan.com\/en\/wp-json\/wp\/v2\/pages\/3420\/revisions\/5265"}],"up":[{"embeddable":true,"href":"https:\/\/www.hotel-morbihan.com\/en\/wp-json\/wp\/v2\/pages\/250"}],"wp:attachment":[{"href":"https:\/\/www.hotel-morbihan.com\/en\/wp-json\/wp\/v2\/media?parent=3420"}],"curies":[{"name":"wp","href":"https:\/\/api.w.org\/{rel}","templated":true}]}}